{"id":512,"date":"2025-03-08T17:44:25","date_gmt":"2025-03-08T16:44:25","guid":{"rendered":"https:\/\/wandailleurs.org\/?page_id=512"},"modified":"2025-10-27T21:40:48","modified_gmt":"2025-10-27T20:40:48","slug":"pre-commandes-previsualisation","status":"publish","type":"page","link":"https:\/\/wandailleurs.org\/?page_id=512","title":{"rendered":"Pr\u00e9-commandes bient\u00f4t disponible"},"content":{"rendered":"\n<div id=\"wp-block-themeisle-blocks-advanced-columns-678cc482\" class=\"wp-block-themeisle-blocks-advanced-columns alignfull has-1-columns has-desktop-equal-layout has-tablet-equal-layout has-mobile-collapsedRows-layout has-reverse-columns-mobile has-vertical-bottom ticss-c00aadba\"><div class=\"wp-block-themeisle-blocks-advanced-columns-overlay\"><\/div><div class=\"innerblocks-wrap\">\n<div id=\"wp-block-themeisle-blocks-advanced-column-4d412c51\" class=\"wp-block-themeisle-blocks-advanced-column\">\n<p class=\"has-text-align-left has-text-color\" style=\"color:#fefefe\">Encore un peu de patience&#8230;<\/p>\n\n\n\n<h2 id=\"wp-block-themeisle-blocks-advanced-heading-fb3c7a39\" class=\"wp-block-themeisle-blocks-advanced-heading wp-block-themeisle-blocks-advanced-heading-fb3c7a39\">Les pr\u00e9-commandes reviennent l&rsquo;ann\u00e9e prochaine<\/h2>\n\n\n\n<p class=\"has-custom-color-7-color has-text-color has-link-color wp-elements-44f5c1f1dd6c93ce927d9ae8ba618421\">Laissez-vous votre e-mail pour \u00eatre directement contact\u00e9 d\u00e8s que les pr\u00e9commandes seront disponibles, n&rsquo;attendez plus !<\/p>\n\n\n<div class=\"wpforms-container wpforms-container-full wpforms-block wpforms-block-0da2456d-a435-4e2a-ac61-9534b36efca5 wpforms-render-modern\" id=\"wpforms-855\"><form id=\"wpforms-form-855\" class=\"wpforms-validate wpforms-form wpforms-ajax-form\" data-formid=\"855\" method=\"post\" enctype=\"multipart\/form-data\" action=\"\/index.php?rest_route=%2Fwp%2Fv2%2Fpages%2F512\" data-token=\"5d8cb327dc300deca1e13c1f7dde7af5\" data-token-time=\"1778530483\"><noscript class=\"wpforms-error-noscript\">Veuillez activer JavaScript dans votre navigateur pour remplir ce formulaire.<\/noscript><div id=\"wpforms-error-noscript\" style=\"display: none;\">Veuillez activer JavaScript dans votre navigateur pour remplir ce formulaire.<\/div><div class=\"wpforms-field-container\">\t\t<div id=\"wpforms-855-field_1-container\"\n\t\t\tclass=\"wpforms-field wpforms-field-text\"\n\t\t\tdata-field-type=\"text\"\n\t\t\tdata-field-id=\"1\"\n\t\t\t>\n\t\t\t<label class=\"wpforms-field-label\" for=\"wpforms-855-field_1\" >E-mail<\/label>\n\t\t\t<input type=\"text\" id=\"wpforms-855-field_1\" class=\"wpforms-field-medium\" name=\"wpforms[fields][1]\" >\n\t\t<\/div>\n\t\t<div id=\"wpforms-855-field_3-container\" class=\"wpforms-field wpforms-field-email\" data-field-id=\"3\"><label class=\"wpforms-field-label\" for=\"wpforms-855-field_3\">E-mail <span class=\"wpforms-required-label\" aria-hidden=\"true\">*<\/span><\/label><input type=\"email\" id=\"wpforms-855-field_3\" class=\"wpforms-field-medium wpforms-field-required\" name=\"wpforms[fields][3]\" placeholder=\"trophatedesprecommandes@youpi.com\" spellcheck=\"false\" aria-errormessage=\"wpforms-855-field_3-error\" required><\/div><script>\n\t\t\t\t( function() {\n\t\t\t\t\tconst style = document.createElement( 'style' );\n\t\t\t\t\tstyle.appendChild( document.createTextNode( '#wpforms-855-field_1-container { position: absolute !important; overflow: hidden !important; display: inline !important; height: 1px !important; width: 1px !important; z-index: -1000 !important; padding: 0 !important; } #wpforms-855-field_1-container input { visibility: hidden; } #wpforms-conversational-form-page #wpforms-855-field_1-container label { counter-increment: none; }' ) );\n\t\t\t\t\tdocument.head.appendChild( style );\n\t\t\t\t\tdocument.currentScript?.remove();\n\t\t\t\t} )();\n\t\t\t<\/script><\/div><!-- .wpforms-field-container --><div class=\"wpforms-submit-container\" ><input type=\"hidden\" name=\"wpforms[id]\" value=\"855\"><input type=\"hidden\" name=\"page_title\" value=\"\"><input type=\"hidden\" name=\"page_url\" value=\"https:\/\/wandailleurs.org\/index.php?rest_route=\/wp\/v2\/pages\/512\"><input type=\"hidden\" name=\"url_referer\" value=\"\"><button type=\"submit\" name=\"wpforms[submit]\" id=\"wpforms-submit-855\" class=\"wpforms-submit\" data-alt-text=\"En cours d&#039;envoi\" data-submit-text=\"Confirmer\" aria-live=\"assertive\" value=\"wpforms-submit\">Confirmer<\/button><img decoding=\"async\" src=\"https:\/\/wandailleurs.org\/wp-content\/plugins\/wpforms-lite\/assets\/images\/submit-spin.svg\" class=\"wpforms-submit-spinner\" style=\"display: none;\" width=\"26\" height=\"26\" alt=\"Chargement en cours\"><\/div><\/form><\/div>  <!-- .wpforms-container -->\n\n\n<div class=\"wp-block-buttons is-content-justification-center is-layout-flex wp-container-core-buttons-is-layout-a89b3969 wp-block-buttons-is-layout-flex\">\n<div class=\"wp-block-button is-style-primary is-style-outline is-style-outline--1\"><a class=\"wp-block-button__link has-custom-color-7-color has-text-color has-link-color wp-element-button\" href=\"https:\/\/wandailleurs.org\/?page_id=76\">D\u00e9couvrir l&rsquo;\u00e9picerie<\/a><\/div>\n<\/div>\n<\/div>\n<\/div><\/div>\n\n\n\n<p style=\"margin-top:var(--wp--preset--spacing--50);margin-bottom:var(--wp--preset--spacing--50)\">Pour cette nouvelle campagne, vous avez la possibilit\u00e9 de commander \u00e0 l&rsquo;avance et de venir retirer vos marchandises lors d&rsquo;un d\u00e9chargement, dans le port le plus proche de chez vous !<\/p>\n\n\n\n<section class=\"wp-block-group alignfull has-custom-color-1-background-color has-text-color has-background has-global-padding is-layout-constrained wp-container-core-group-is-layout-67df6c99 wp-block-group-is-layout-constrained\" style=\"color:#212121;margin-top:0rem;padding-right:var(--wp--preset--spacing--30);padding-left:var(--wp--preset--spacing--30);font-size:clamp(0.875rem, 0.875rem + ((1vw - 0.2rem) * 0.464), 1.13rem);font-style:normal;font-weight:400;line-height:1.5\">\n<div class=\"wp-block-group has-custom-color-6-color has-text-color has-link-color wp-elements-40b6cc5aaf3e3beae0032e10a4e49683 has-global-padding is-layout-constrained wp-container-core-group-is-layout-276b68c2 wp-block-group-is-layout-constrained\" style=\"margin-top:var(--wp--preset--spacing--50);margin-bottom:var(--wp--preset--spacing--50);padding-top:67px;padding-right:0rem;padding-bottom:67px;padding-left:0rem\">\n<div class=\"wp-block-columns is-not-stacked-on-mobile has-custom-color-7-color has-text-color has-link-color wp-elements-f722ee2bbae31597df1a202b9104c82e is-layout-flex wp-container-core-columns-is-layout-713970fd wp-block-columns-is-layout-flex\" style=\"font-size:14px\">\n<div class=\"wp-block-column has-custom-color-6-color has-text-color has-link-color wp-elements-3d018964387598d166b7901391a3ace9 has-global-padding is-layout-constrained wp-container-core-column-is-layout-579fee1f wp-block-column-is-layout-constrained\" style=\"border-right-color:#768667;border-right-width:1px;padding-right:1rem;padding-left:1rem\">\n<h4 class=\"wp-block-heading has-text-align-center\" style=\"margin-top:0px;margin-right:0px;margin-bottom:16px;margin-left:0px;font-size:clamp(24.034px, 1.502rem + ((1vw - 3.2px) * 1.814), 40px);font-style:normal;font-weight:400;line-height:1.2\">Pour VOUS<\/h4>\n\n\n\n<p class=\"has-text-align-center has-medium-font-size\">Des prix plus bas que dans nos points de vente fixe<\/p>\n<\/div>\n\n\n\n<div class=\"wp-block-column has-custom-color-6-color has-text-color has-link-color wp-elements-d9b16c6cb0599dc97014f0324f6c766e has-global-padding is-layout-constrained wp-container-core-column-is-layout-579fee1f wp-block-column-is-layout-constrained\" style=\"border-right-color:#768667;border-right-width:1px;padding-right:1rem;padding-left:1rem\">\n<h2 class=\"wp-block-heading has-text-align-center\" style=\"margin-top:0px;margin-right:0px;margin-bottom:16px;margin-left:0px;font-size:clamp(24.034px, 1.502rem + ((1vw - 3.2px) * 1.814), 40px);font-style:normal;font-weight:400;line-height:1.2\">Pour NOUS<\/h2>\n\n\n\n<p class=\"has-text-align-center has-medium-font-size\" style=\"margin-bottom:0rem\">Meilleure visibilit\u00e9 sur les quantit\u00e9s \u00e0 charger<\/p>\n<\/div>\n\n\n\n<div class=\"wp-block-column has-custom-color-6-color has-text-color has-link-color wp-elements-d12c716493f45d4e67da9b85c75896b5 has-global-padding is-layout-constrained wp-container-core-column-is-layout-579fee1f wp-block-column-is-layout-constrained\" style=\"padding-right:1rem;padding-left:1rem\">\n<h2 class=\"wp-block-heading has-text-align-center\" style=\"margin-top:0px;margin-right:0px;margin-bottom:0px;margin-left:0px;padding-top:0;padding-right:0;padding-bottom:0;padding-left:0;font-size:clamp(24.034px, 1.502rem + ((1vw - 3.2px) * 1.814), 40px);font-style:normal;font-weight:400;line-height:1.2\">Pour TOUS\u00b7TES<\/h2>\n\n\n\n<p class=\"has-text-align-center has-medium-font-size\" style=\"margin-bottom:0rem\">Une super occasion de se rencontrer lors du d\u00e9chargement<\/p>\n<\/div>\n<\/div>\n<\/div>\n<\/section>\n\n\n\n<div class=\"wp-block-group alignwide has-global-padding is-layout-constrained wp-block-group-is-layout-constrained\">\n<h4 class=\"wp-block-heading\">En pratique  :<\/h4>\n\n\n\n<p>Les d\u00e9chargements se feront en juin (voir programme pr\u00e9visionnel), si finalement vous ne pouviez pas \u00eatre l\u00e0 au moment du d\u00e9chargement, pas de panique, nous pourrons trouver un point relai pour votre commande, ou bien vous la garder si passiez lors d&rsquo;un autre \u00e9v\u00e9nement. Retrouvez les dates et lieux de l&rsquo;\u00e9picerie ambulante, ci dessous<\/p>\n\n\n\n<div style=\"height:54px\" aria-hidden=\"true\" class=\"wp-block-spacer\"><\/div>\n<\/div>\n\n\n\n<p><\/p>\n","protected":false},"excerpt":{"rendered":"<p>Pour cette nouvelle campagne, vous avez la possibilit\u00e9 de commander \u00e0 l&rsquo;avance et de venir retirer vos marchandises lors d&rsquo;un d\u00e9chargement, dans le port le plus proche de chez vous ! Pour VOUS Des prix plus bas que dans nos points de vente fixe Pour NOUS Meilleure visibilit\u00e9 sur les quantit\u00e9s \u00e0 charger Pour TOUS\u00b7TES Une super occasion de se rencontrer lors du d\u00e9chargement En pratique : Les d\u00e9chargements se feront en juin (voir programme pr\u00e9visionnel), si finalement vous ne pouviez pas \u00eatre l\u00e0 au moment du d\u00e9chargement, pas de panique, nous pourrons trouver un point relai pour votre commande, ou bien vous la garder si passiez lors d&rsquo;un autre \u00e9v\u00e9nement. Retrouvez les dates et lieux de l&rsquo;\u00e9picerie ambulante, ci dessous<\/p>\n","protected":false},"author":2,"featured_media":0,"parent":0,"menu_order":0,"comment_status":"closed","ping_status":"closed","template":"","meta":{"_themeisle_gutenberg_block_has_review":false,"footnotes":""},"class_list":["post-512","page","type-page","status-publish","hentry"],"yoast_head":"<!-- This site is optimized with the Yoast SEO plugin v27.5 - https:\/\/yoast.com\/product\/yoast-seo-wordpress\/ -->\n<title>Pr\u00e9-commandes bient\u00f4t disponible - WAND&#039;Ailleurs<\/title>\n<meta name=\"robots\" content=\"index, follow, max-snippet:-1, max-image-preview:large, max-video-preview:-1\" \/>\n<link rel=\"canonical\" href=\"https:\/\/wandailleurs.org\/?page_id=512\" \/>\n<meta property=\"og:locale\" content=\"fr_FR\" \/>\n<meta property=\"og:type\" content=\"article\" \/>\n<meta property=\"og:title\" content=\"Pr\u00e9-commandes bient\u00f4t disponible - WAND&#039;Ailleurs\" \/>\n<meta property=\"og:description\" content=\"Pour cette nouvelle campagne, vous avez la possibilit\u00e9 de commander \u00e0 l&rsquo;avance et de venir retirer vos marchandises lors d&rsquo;un d\u00e9chargement, dans le port le plus proche de chez vous ! Pour VOUS Des prix plus bas que dans nos points de vente fixe Pour NOUS Meilleure visibilit\u00e9 sur les quantit\u00e9s \u00e0 charger Pour TOUS\u00b7TES Une super occasion de se rencontrer lors du d\u00e9chargement En pratique : Les d\u00e9chargements se feront en juin (voir programme pr\u00e9visionnel), si finalement vous ne pouviez pas \u00eatre l\u00e0 au moment du d\u00e9chargement, pas de panique, nous pourrons trouver un point relai pour votre commande, ou bien vous la garder si passiez lors d&rsquo;un autre \u00e9v\u00e9nement. Retrouvez les dates et lieux de l&rsquo;\u00e9picerie ambulante, ci dessous\" \/>\n<meta property=\"og:url\" content=\"https:\/\/wandailleurs.org\/?page_id=512\" \/>\n<meta property=\"og:site_name\" content=\"WAND&#039;Ailleurs\" \/>\n<meta property=\"article:modified_time\" content=\"2025-10-27T20:40:48+00:00\" \/>\n<meta name=\"twitter:card\" content=\"summary_large_image\" \/>\n<meta name=\"twitter:label1\" content=\"Dur\u00e9e de lecture estim\u00e9e\" \/>\n\t<meta name=\"twitter:data1\" content=\"1 minute\" \/>\n<script type=\"application\/ld+json\" class=\"yoast-schema-graph\">{\"@context\":\"https:\\\/\\\/schema.org\",\"@graph\":[{\"@type\":\"WebPage\",\"@id\":\"https:\\\/\\\/wandailleurs.org\\\/?page_id=512\",\"url\":\"https:\\\/\\\/wandailleurs.org\\\/?page_id=512\",\"name\":\"Pr\u00e9-commandes bient\u00f4t disponible - WAND&#039;Ailleurs\",\"isPartOf\":{\"@id\":\"https:\\\/\\\/wandailleurs.org\\\/#website\"},\"datePublished\":\"2025-03-08T16:44:25+00:00\",\"dateModified\":\"2025-10-27T20:40:48+00:00\",\"breadcrumb\":{\"@id\":\"https:\\\/\\\/wandailleurs.org\\\/?page_id=512#breadcrumb\"},\"inLanguage\":\"fr-FR\",\"potentialAction\":[{\"@type\":\"ReadAction\",\"target\":[\"https:\\\/\\\/wandailleurs.org\\\/?page_id=512\"]}]},{\"@type\":\"BreadcrumbList\",\"@id\":\"https:\\\/\\\/wandailleurs.org\\\/?page_id=512#breadcrumb\",\"itemListElement\":[{\"@type\":\"ListItem\",\"position\":1,\"name\":\"Accueil\",\"item\":\"https:\\\/\\\/wandailleurs.org\\\/\"},{\"@type\":\"ListItem\",\"position\":2,\"name\":\"Pr\u00e9-commandes bient\u00f4t disponible\"}]},{\"@type\":\"WebSite\",\"@id\":\"https:\\\/\\\/wandailleurs.org\\\/#website\",\"url\":\"https:\\\/\\\/wandailleurs.org\\\/\",\"name\":\"WANDA Transport \u00e0 la voile\",\"description\":\"\",\"publisher\":{\"@id\":\"https:\\\/\\\/wandailleurs.org\\\/#organization\"},\"potentialAction\":[{\"@type\":\"SearchAction\",\"target\":{\"@type\":\"EntryPoint\",\"urlTemplate\":\"https:\\\/\\\/wandailleurs.org\\\/?s={search_term_string}\"},\"query-input\":{\"@type\":\"PropertyValueSpecification\",\"valueRequired\":true,\"valueName\":\"search_term_string\"}}],\"inLanguage\":\"fr-FR\"},{\"@type\":\"Organization\",\"@id\":\"https:\\\/\\\/wandailleurs.org\\\/#organization\",\"name\":\"WAND'Ailleurs\",\"url\":\"https:\\\/\\\/wandailleurs.org\\\/\",\"logo\":{\"@type\":\"ImageObject\",\"inLanguage\":\"fr-FR\",\"@id\":\"https:\\\/\\\/wandailleurs.org\\\/#\\\/schema\\\/logo\\\/image\\\/\",\"url\":\"https:\\\/\\\/wandailleurs.org\\\/wp-content\\\/uploads\\\/2025\\\/02\\\/cropped-0_LogoWANDA_Bleu_Contraste.png\",\"contentUrl\":\"https:\\\/\\\/wandailleurs.org\\\/wp-content\\\/uploads\\\/2025\\\/02\\\/cropped-0_LogoWANDA_Bleu_Contraste.png\",\"width\":512,\"height\":512,\"caption\":\"WAND'Ailleurs\"},\"image\":{\"@id\":\"https:\\\/\\\/wandailleurs.org\\\/#\\\/schema\\\/logo\\\/image\\\/\"}}]}<\/script>\n<!-- \/ Yoast SEO plugin. -->","yoast_head_json":{"title":"Pr\u00e9-commandes bient\u00f4t disponible - WAND&#039;Ailleurs","robots":{"index":"index","follow":"follow","max-snippet":"max-snippet:-1","max-image-preview":"max-image-preview:large","max-video-preview":"max-video-preview:-1"},"canonical":"https:\/\/wandailleurs.org\/?page_id=512","og_locale":"fr_FR","og_type":"article","og_title":"Pr\u00e9-commandes bient\u00f4t disponible - WAND&#039;Ailleurs","og_description":"Pour cette nouvelle campagne, vous avez la possibilit\u00e9 de commander \u00e0 l&rsquo;avance et de venir retirer vos marchandises lors d&rsquo;un d\u00e9chargement, dans le port le plus proche de chez vous ! Pour VOUS Des prix plus bas que dans nos points de vente fixe Pour NOUS Meilleure visibilit\u00e9 sur les quantit\u00e9s \u00e0 charger Pour TOUS\u00b7TES Une super occasion de se rencontrer lors du d\u00e9chargement En pratique : Les d\u00e9chargements se feront en juin (voir programme pr\u00e9visionnel), si finalement vous ne pouviez pas \u00eatre l\u00e0 au moment du d\u00e9chargement, pas de panique, nous pourrons trouver un point relai pour votre commande, ou bien vous la garder si passiez lors d&rsquo;un autre \u00e9v\u00e9nement. Retrouvez les dates et lieux de l&rsquo;\u00e9picerie ambulante, ci dessous","og_url":"https:\/\/wandailleurs.org\/?page_id=512","og_site_name":"WAND&#039;Ailleurs","article_modified_time":"2025-10-27T20:40:48+00:00","twitter_card":"summary_large_image","twitter_misc":{"Dur\u00e9e de lecture estim\u00e9e":"1 minute"},"schema":{"@context":"https:\/\/schema.org","@graph":[{"@type":"WebPage","@id":"https:\/\/wandailleurs.org\/?page_id=512","url":"https:\/\/wandailleurs.org\/?page_id=512","name":"Pr\u00e9-commandes bient\u00f4t disponible - WAND&#039;Ailleurs","isPartOf":{"@id":"https:\/\/wandailleurs.org\/#website"},"datePublished":"2025-03-08T16:44:25+00:00","dateModified":"2025-10-27T20:40:48+00:00","breadcrumb":{"@id":"https:\/\/wandailleurs.org\/?page_id=512#breadcrumb"},"inLanguage":"fr-FR","potentialAction":[{"@type":"ReadAction","target":["https:\/\/wandailleurs.org\/?page_id=512"]}]},{"@type":"BreadcrumbList","@id":"https:\/\/wandailleurs.org\/?page_id=512#breadcrumb","itemListElement":[{"@type":"ListItem","position":1,"name":"Accueil","item":"https:\/\/wandailleurs.org\/"},{"@type":"ListItem","position":2,"name":"Pr\u00e9-commandes bient\u00f4t disponible"}]},{"@type":"WebSite","@id":"https:\/\/wandailleurs.org\/#website","url":"https:\/\/wandailleurs.org\/","name":"WANDA Transport \u00e0 la voile","description":"","publisher":{"@id":"https:\/\/wandailleurs.org\/#organization"},"potentialAction":[{"@type":"SearchAction","target":{"@type":"EntryPoint","urlTemplate":"https:\/\/wandailleurs.org\/?s={search_term_string}"},"query-input":{"@type":"PropertyValueSpecification","valueRequired":true,"valueName":"search_term_string"}}],"inLanguage":"fr-FR"},{"@type":"Organization","@id":"https:\/\/wandailleurs.org\/#organization","name":"WAND'Ailleurs","url":"https:\/\/wandailleurs.org\/","logo":{"@type":"ImageObject","inLanguage":"fr-FR","@id":"https:\/\/wandailleurs.org\/#\/schema\/logo\/image\/","url":"https:\/\/wandailleurs.org\/wp-content\/uploads\/2025\/02\/cropped-0_LogoWANDA_Bleu_Contraste.png","contentUrl":"https:\/\/wandailleurs.org\/wp-content\/uploads\/2025\/02\/cropped-0_LogoWANDA_Bleu_Contraste.png","width":512,"height":512,"caption":"WAND'Ailleurs"},"image":{"@id":"https:\/\/wandailleurs.org\/#\/schema\/logo\/image\/"}}]}},"_links":{"self":[{"href":"https:\/\/wandailleurs.org\/index.php?rest_route=\/wp\/v2\/pages\/512","targetHints":{"allow":["GET"]}}],"collection":[{"href":"https:\/\/wandailleurs.org\/index.php?rest_route=\/wp\/v2\/pages"}],"about":[{"href":"https:\/\/wandailleurs.org\/index.php?rest_route=\/wp\/v2\/types\/page"}],"author":[{"embeddable":true,"href":"https:\/\/wandailleurs.org\/index.php?rest_route=\/wp\/v2\/users\/2"}],"replies":[{"embeddable":true,"href":"https:\/\/wandailleurs.org\/index.php?rest_route=%2Fwp%2Fv2%2Fcomments&post=512"}],"version-history":[{"count":26,"href":"https:\/\/wandailleurs.org\/index.php?rest_route=\/wp\/v2\/pages\/512\/revisions"}],"predecessor-version":[{"id":1239,"href":"https:\/\/wandailleurs.org\/index.php?rest_route=\/wp\/v2\/pages\/512\/revisions\/1239"}],"wp:attachment":[{"href":"https:\/\/wandailleurs.org\/index.php?rest_route=%2Fwp%2Fv2%2Fmedia&parent=512"}],"curies":[{"name":"wp","href":"https:\/\/api.w.org\/{rel}","templated":true}]}}