{"id":455,"date":"2025-03-05T20:47:39","date_gmt":"2025-03-05T19:47:39","guid":{"rendered":"https:\/\/wandailleurs.org\/?page_id=455"},"modified":"2026-03-25T13:30:36","modified_gmt":"2026-03-25T12:30:36","slug":"contacts","status":"publish","type":"page","link":"https:\/\/wandailleurs.org\/?page_id=455","title":{"rendered":"Contacts"},"content":{"rendered":"\n<div class=\"wp-block-cover alignfull is-light\" style=\"min-height:366px;aspect-ratio:unset;\"><img fetchpriority=\"high\" decoding=\"async\" width=\"960\" height=\"720\" class=\"wp-block-cover__image-background wp-image-102\" alt=\"\" src=\"https:\/\/wandailleurs.org\/wp-content\/uploads\/2025\/02\/429181_142533225869511_1759590703_n.jpg\" style=\"object-position:51% 74%\" data-object-fit=\"cover\" data-object-position=\"51% 74%\" srcset=\"https:\/\/wandailleurs.org\/wp-content\/uploads\/2025\/02\/429181_142533225869511_1759590703_n.jpg 960w, https:\/\/wandailleurs.org\/wp-content\/uploads\/2025\/02\/429181_142533225869511_1759590703_n-300x225.jpg 300w, https:\/\/wandailleurs.org\/wp-content\/uploads\/2025\/02\/429181_142533225869511_1759590703_n-768x576.jpg 768w\" sizes=\"(max-width: 960px) 100vw, 960px\" \/><span aria-hidden=\"true\" class=\"wp-block-cover__background has-background-dim-20 has-background-dim\" style=\"background-color:#1f1f1f\"><\/span><div class=\"wp-block-cover__inner-container has-global-padding is-layout-constrained wp-container-core-cover-is-layout-4383d167 wp-block-cover-is-layout-constrained\">\n<div style=\"height:100px\" aria-hidden=\"true\" class=\"wp-block-spacer\"><\/div>\n\n\n\n<h2 class=\"wp-block-heading has-text-align-center has-text-color has-link-color wp-elements-60c4a1b4d25cf1e8d998344689a7c99c\" style=\"color:#ffffff;font-size:clamp(30.693px, 1.918rem + ((1vw - 3.2px) * 2.649), 54px);\">Nous contacter<\/h2>\n<\/div><\/div>\n\n\n\n<div class=\"wp-block-group alignwide has-global-padding is-layout-constrained wp-block-group-is-layout-constrained\">\n<div class=\"wp-block-group alignwide has-global-padding is-layout-constrained wp-container-core-group-is-layout-8443115b wp-block-group-is-layout-constrained\" style=\"margin-top:0;margin-bottom:0;padding-top:0px;padding-bottom:0px\">\n<div class=\"wp-block-columns alignfull is-layout-flex wp-container-core-columns-is-layout-c2d6fa21 wp-block-columns-is-layout-flex\">\n<div class=\"wp-block-column is-vertically-aligned-center is-layout-flow wp-block-column-is-layout-flow\" style=\"padding-top:10px\">\n<figure class=\"wp-block-image is-resized\"><img decoding=\"async\" width=\"500\" height=\"500\" src=\"https:\/\/wandailleurs.org\/wp-content\/uploads\/2025\/02\/Votre-texte-de-paragraphe1.png\" alt=\"\" class=\"wp-image-320\" style=\"width:348px;height:auto\" srcset=\"https:\/\/wandailleurs.org\/wp-content\/uploads\/2025\/02\/Votre-texte-de-paragraphe1.png 500w, https:\/\/wandailleurs.org\/wp-content\/uploads\/2025\/02\/Votre-texte-de-paragraphe1-300x300.png 300w, https:\/\/wandailleurs.org\/wp-content\/uploads\/2025\/02\/Votre-texte-de-paragraphe1-150x150.png 150w\" sizes=\"(max-width: 500px) 100vw, 500px\" \/><\/figure>\n\n\n\n<h4 class=\"wp-block-heading\"><strong>Ecrivez-nous !<\/strong><\/h4>\n\n\n\n<p class=\"has-text-color has-lexend-font-family\" style=\"color:#3a3a3a;font-size:clamp(14px, 0.875rem + ((1vw - 3.2px) * 0.455), 18px);\">Une question sur nos produits, sur les pr\u00e9-commandes, ou bien envie de prendre part \u00e0 l&rsquo;aventure ? Ecrivez-nous vite !<\/p>\n\n\n\n<hr class=\"wp-block-separator aligncenter has-alpha-channel-opacity\"\/>\n\n\n\n<p class=\"has-text-align-center has-text-color has-lexend-font-family\" style=\"color:#3a3a3a;font-size:clamp(14px, 0.875rem + ((1vw - 3.2px) * 0.455), 18px);\">contact@wandailleurs.org<\/p>\n<\/div>\n\n\n\n<div class=\"wp-block-column is-layout-flow wp-container-core-column-is-layout-92d440f1 wp-block-column-is-layout-flow\" style=\"padding-top:0;padding-bottom:0\">\n<div style=\"height:48px\" aria-hidden=\"true\" class=\"wp-block-spacer\"><\/div>\n\n\n<style id=\"wpforms-css-vars-449-block-f4b587ee-afc2-4e1b-9ec8-c3a8d146d3cc\">\n\t\t\t\t#wpforms-449.wpforms-block-f4b587ee-afc2-4e1b-9ec8-c3a8d146d3cc {\n\t\t\t\t--wpforms-button-background-color: #3a3a3a;\n--wpforms-field-size-input-height: 43px;\n--wpforms-field-size-input-spacing: 15px;\n--wpforms-field-size-font-size: 16px;\n--wpforms-field-size-line-height: 19px;\n--wpforms-field-size-padding-h: 14px;\n--wpforms-field-size-checkbox-size: 16px;\n--wpforms-field-size-sublabel-spacing: 5px;\n--wpforms-field-size-icon-size: 1;\n--wpforms-label-size-font-size: 16px;\n--wpforms-label-size-line-height: 19px;\n--wpforms-label-size-sublabel-font-size: 14px;\n--wpforms-label-size-sublabel-line-height: 17px;\n--wpforms-button-size-font-size: 17px;\n--wpforms-button-size-height: 41px;\n--wpforms-button-size-padding-h: 15px;\n--wpforms-button-size-margin-top: 10px;\n\t\t\t}\n\t\t\t<\/style><div class=\"wpforms-container wpforms-container-full wpforms-block wpforms-block-f4b587ee-afc2-4e1b-9ec8-c3a8d146d3cc wpforms-render-modern\" id=\"wpforms-449\"><form id=\"wpforms-form-449\" class=\"wpforms-validate wpforms-form wpforms-ajax-form\" data-formid=\"449\" method=\"post\" enctype=\"multipart\/form-data\" action=\"\/index.php?rest_route=%2Fwp%2Fv2%2Fpages%2F455\" data-token=\"c3aa2c93a2555d0d7021f274de00ab9f\" data-token-time=\"1778530197\"><noscript class=\"wpforms-error-noscript\">Veuillez activer JavaScript dans votre navigateur pour remplir ce formulaire.<\/noscript><div id=\"wpforms-error-noscript\" style=\"display: none;\">Veuillez activer JavaScript dans votre navigateur pour remplir ce formulaire.<\/div><div class=\"wpforms-field-container\"><div id=\"wpforms-449-field_1-container\" class=\"wpforms-field wpforms-field-name\" data-field-id=\"1\"><label class=\"wpforms-field-label\" for=\"wpforms-449-field_1\">Nom Pr\u00e9nom <span class=\"wpforms-required-label\" aria-hidden=\"true\">*<\/span><\/label><input type=\"text\" id=\"wpforms-449-field_1\" class=\"wpforms-field-medium wpforms-field-required\" name=\"wpforms[fields][1]\" aria-errormessage=\"wpforms-449-field_1-error\" required><\/div><div id=\"wpforms-449-field_2-container\" class=\"wpforms-field wpforms-field-email\" data-field-id=\"2\"><label class=\"wpforms-field-label\" for=\"wpforms-449-field_2\">E-mail <span class=\"wpforms-required-label\" aria-hidden=\"true\">*<\/span><\/label><input type=\"email\" id=\"wpforms-449-field_2\" class=\"wpforms-field-medium wpforms-field-required\" name=\"wpforms[fields][2]\" spellcheck=\"false\" aria-errormessage=\"wpforms-449-field_2-error\" required><\/div><div id=\"wpforms-449-field_5-container\" class=\"wpforms-field wpforms-field-number\" data-field-id=\"5\"><label class=\"wpforms-field-label\" for=\"wpforms-449-field_5\">T\u00e9l\u00e9phone<\/label><input type=\"number\" id=\"wpforms-449-field_5\" class=\"wpforms-field-medium\" name=\"wpforms[fields][5]\" step=\"any\" aria-errormessage=\"wpforms-449-field_5-error\" ><\/div>\t\t<div id=\"wpforms-449-field_4-container\"\n\t\t\tclass=\"wpforms-field wpforms-field-text\"\n\t\t\tdata-field-type=\"text\"\n\t\t\tdata-field-id=\"4\"\n\t\t\t>\n\t\t\t<label class=\"wpforms-field-label\" for=\"wpforms-449-field_4\" >E-mail Pr\u00e9nom T\u00e9l\u00e9phone<\/label>\n\t\t\t<input type=\"text\" id=\"wpforms-449-field_4\" class=\"wpforms-field-medium\" name=\"wpforms[fields][4]\" >\n\t\t<\/div>\n\t\t<div id=\"wpforms-449-field_3-container\" class=\"wpforms-field wpforms-field-textarea\" data-field-id=\"3\"><label class=\"wpforms-field-label\" for=\"wpforms-449-field_3\">Laissez-nous un message !<\/label><textarea id=\"wpforms-449-field_3\" class=\"wpforms-field-medium\" name=\"wpforms[fields][3]\" aria-errormessage=\"wpforms-449-field_3-error\" ><\/textarea><\/div><script>\n\t\t\t\t( function() {\n\t\t\t\t\tconst style = document.createElement( 'style' );\n\t\t\t\t\tstyle.appendChild( document.createTextNode( '#wpforms-449-field_4-container { position: absolute !important; overflow: hidden !important; display: inline !important; height: 1px !important; width: 1px !important; z-index: -1000 !important; padding: 0 !important; } #wpforms-449-field_4-container input { visibility: hidden; } #wpforms-conversational-form-page #wpforms-449-field_4-container label { counter-increment: none; }' ) );\n\t\t\t\t\tdocument.head.appendChild( style );\n\t\t\t\t\tdocument.currentScript?.remove();\n\t\t\t\t} )();\n\t\t\t<\/script><\/div><!-- .wpforms-field-container --><div class=\"wpforms-submit-container\" ><input type=\"hidden\" name=\"wpforms[id]\" value=\"449\"><input type=\"hidden\" name=\"page_title\" value=\"\"><input type=\"hidden\" name=\"page_url\" value=\"https:\/\/wandailleurs.org\/index.php?rest_route=\/wp\/v2\/pages\/455\"><input type=\"hidden\" name=\"url_referer\" value=\"\"><button type=\"submit\" name=\"wpforms[submit]\" id=\"wpforms-submit-449\" class=\"wpforms-submit\" data-alt-text=\"Envoi...\" data-submit-text=\"Envoyer\" aria-live=\"assertive\" value=\"wpforms-submit\">Envoyer<\/button><img decoding=\"async\" src=\"https:\/\/wandailleurs.org\/wp-content\/plugins\/wpforms-lite\/assets\/images\/submit-spin.svg\" class=\"wpforms-submit-spinner\" style=\"display: none;\" width=\"26\" height=\"26\" alt=\"Chargement en cours\"><\/div><\/form><\/div>  <!-- .wpforms-container --><\/div>\n<\/div>\n<\/div>\n<\/div>\n","protected":false},"excerpt":{"rendered":"<p>Ecrivez-nous ! Une question sur nos produits, sur les pr\u00e9-commandes, ou bien envie de prendre part \u00e0 l&rsquo;aventure ? Ecrivez-nous vite ! contact@wandailleurs.org<\/p>\n","protected":false},"author":2,"featured_media":0,"parent":0,"menu_order":0,"comment_status":"closed","ping_status":"closed","template":"","meta":{"_themeisle_gutenberg_block_has_review":false,"footnotes":""},"class_list":["post-455","page","type-page","status-publish","hentry"],"yoast_head":"<!-- This site is optimized with the Yoast SEO plugin v27.5 - https:\/\/yoast.com\/product\/yoast-seo-wordpress\/ -->\n<title>Contacts - WAND&#039;Ailleurs<\/title>\n<meta name=\"robots\" content=\"index, follow, max-snippet:-1, max-image-preview:large, max-video-preview:-1\" \/>\n<link rel=\"canonical\" href=\"https:\/\/wandailleurs.org\/?page_id=455\" \/>\n<meta property=\"og:locale\" content=\"fr_FR\" \/>\n<meta property=\"og:type\" content=\"article\" \/>\n<meta property=\"og:title\" content=\"Contacts - WAND&#039;Ailleurs\" \/>\n<meta property=\"og:description\" content=\"Ecrivez-nous ! Une question sur nos produits, sur les pr\u00e9-commandes, ou bien envie de prendre part \u00e0 l&rsquo;aventure ? Ecrivez-nous vite ! contact@wandailleurs.org\" \/>\n<meta property=\"og:url\" content=\"https:\/\/wandailleurs.org\/?page_id=455\" \/>\n<meta property=\"og:site_name\" content=\"WAND&#039;Ailleurs\" \/>\n<meta property=\"article:modified_time\" content=\"2026-03-25T12:30:36+00:00\" \/>\n<meta property=\"og:image\" content=\"https:\/\/wandailleurs.org\/wp-content\/uploads\/2025\/02\/429181_142533225869511_1759590703_n.jpg\" \/>\n\t<meta property=\"og:image:width\" content=\"960\" \/>\n\t<meta property=\"og:image:height\" content=\"720\" \/>\n\t<meta property=\"og:image:type\" content=\"image\/jpeg\" \/>\n<meta name=\"twitter:card\" content=\"summary_large_image\" \/>\n<meta name=\"twitter:label1\" content=\"Dur\u00e9e de lecture estim\u00e9e\" \/>\n\t<meta name=\"twitter:data1\" content=\"1 minute\" \/>\n<script type=\"application\/ld+json\" class=\"yoast-schema-graph\">{\"@context\":\"https:\\\/\\\/schema.org\",\"@graph\":[{\"@type\":\"WebPage\",\"@id\":\"https:\\\/\\\/wandailleurs.org\\\/?page_id=455\",\"url\":\"https:\\\/\\\/wandailleurs.org\\\/?page_id=455\",\"name\":\"Contacts - WAND&#039;Ailleurs\",\"isPartOf\":{\"@id\":\"https:\\\/\\\/wandailleurs.org\\\/#website\"},\"primaryImageOfPage\":{\"@id\":\"https:\\\/\\\/wandailleurs.org\\\/?page_id=455#primaryimage\"},\"image\":{\"@id\":\"https:\\\/\\\/wandailleurs.org\\\/?page_id=455#primaryimage\"},\"thumbnailUrl\":\"https:\\\/\\\/wandailleurs.org\\\/wp-content\\\/uploads\\\/2025\\\/02\\\/429181_142533225869511_1759590703_n.jpg\",\"datePublished\":\"2025-03-05T19:47:39+00:00\",\"dateModified\":\"2026-03-25T12:30:36+00:00\",\"breadcrumb\":{\"@id\":\"https:\\\/\\\/wandailleurs.org\\\/?page_id=455#breadcrumb\"},\"inLanguage\":\"fr-FR\",\"potentialAction\":[{\"@type\":\"ReadAction\",\"target\":[\"https:\\\/\\\/wandailleurs.org\\\/?page_id=455\"]}]},{\"@type\":\"ImageObject\",\"inLanguage\":\"fr-FR\",\"@id\":\"https:\\\/\\\/wandailleurs.org\\\/?page_id=455#primaryimage\",\"url\":\"https:\\\/\\\/wandailleurs.org\\\/wp-content\\\/uploads\\\/2025\\\/02\\\/429181_142533225869511_1759590703_n.jpg\",\"contentUrl\":\"https:\\\/\\\/wandailleurs.org\\\/wp-content\\\/uploads\\\/2025\\\/02\\\/429181_142533225869511_1759590703_n.jpg\",\"width\":960,\"height\":720},{\"@type\":\"BreadcrumbList\",\"@id\":\"https:\\\/\\\/wandailleurs.org\\\/?page_id=455#breadcrumb\",\"itemListElement\":[{\"@type\":\"ListItem\",\"position\":1,\"name\":\"Accueil\",\"item\":\"https:\\\/\\\/wandailleurs.org\\\/\"},{\"@type\":\"ListItem\",\"position\":2,\"name\":\"Contacts\"}]},{\"@type\":\"WebSite\",\"@id\":\"https:\\\/\\\/wandailleurs.org\\\/#website\",\"url\":\"https:\\\/\\\/wandailleurs.org\\\/\",\"name\":\"WANDA Transport \u00e0 la voile\",\"description\":\"\",\"publisher\":{\"@id\":\"https:\\\/\\\/wandailleurs.org\\\/#organization\"},\"potentialAction\":[{\"@type\":\"SearchAction\",\"target\":{\"@type\":\"EntryPoint\",\"urlTemplate\":\"https:\\\/\\\/wandailleurs.org\\\/?s={search_term_string}\"},\"query-input\":{\"@type\":\"PropertyValueSpecification\",\"valueRequired\":true,\"valueName\":\"search_term_string\"}}],\"inLanguage\":\"fr-FR\"},{\"@type\":\"Organization\",\"@id\":\"https:\\\/\\\/wandailleurs.org\\\/#organization\",\"name\":\"WAND'Ailleurs\",\"url\":\"https:\\\/\\\/wandailleurs.org\\\/\",\"logo\":{\"@type\":\"ImageObject\",\"inLanguage\":\"fr-FR\",\"@id\":\"https:\\\/\\\/wandailleurs.org\\\/#\\\/schema\\\/logo\\\/image\\\/\",\"url\":\"https:\\\/\\\/wandailleurs.org\\\/wp-content\\\/uploads\\\/2025\\\/02\\\/cropped-0_LogoWANDA_Bleu_Contraste.png\",\"contentUrl\":\"https:\\\/\\\/wandailleurs.org\\\/wp-content\\\/uploads\\\/2025\\\/02\\\/cropped-0_LogoWANDA_Bleu_Contraste.png\",\"width\":512,\"height\":512,\"caption\":\"WAND'Ailleurs\"},\"image\":{\"@id\":\"https:\\\/\\\/wandailleurs.org\\\/#\\\/schema\\\/logo\\\/image\\\/\"}}]}<\/script>\n<!-- \/ Yoast SEO plugin. -->","yoast_head_json":{"title":"Contacts - WAND&#039;Ailleurs","robots":{"index":"index","follow":"follow","max-snippet":"max-snippet:-1","max-image-preview":"max-image-preview:large","max-video-preview":"max-video-preview:-1"},"canonical":"https:\/\/wandailleurs.org\/?page_id=455","og_locale":"fr_FR","og_type":"article","og_title":"Contacts - WAND&#039;Ailleurs","og_description":"Ecrivez-nous ! Une question sur nos produits, sur les pr\u00e9-commandes, ou bien envie de prendre part \u00e0 l&rsquo;aventure ? Ecrivez-nous vite ! contact@wandailleurs.org","og_url":"https:\/\/wandailleurs.org\/?page_id=455","og_site_name":"WAND&#039;Ailleurs","article_modified_time":"2026-03-25T12:30:36+00:00","og_image":[{"width":960,"height":720,"url":"https:\/\/wandailleurs.org\/wp-content\/uploads\/2025\/02\/429181_142533225869511_1759590703_n.jpg","type":"image\/jpeg"}],"twitter_card":"summary_large_image","twitter_misc":{"Dur\u00e9e de lecture estim\u00e9e":"1 minute"},"schema":{"@context":"https:\/\/schema.org","@graph":[{"@type":"WebPage","@id":"https:\/\/wandailleurs.org\/?page_id=455","url":"https:\/\/wandailleurs.org\/?page_id=455","name":"Contacts - WAND&#039;Ailleurs","isPartOf":{"@id":"https:\/\/wandailleurs.org\/#website"},"primaryImageOfPage":{"@id":"https:\/\/wandailleurs.org\/?page_id=455#primaryimage"},"image":{"@id":"https:\/\/wandailleurs.org\/?page_id=455#primaryimage"},"thumbnailUrl":"https:\/\/wandailleurs.org\/wp-content\/uploads\/2025\/02\/429181_142533225869511_1759590703_n.jpg","datePublished":"2025-03-05T19:47:39+00:00","dateModified":"2026-03-25T12:30:36+00:00","breadcrumb":{"@id":"https:\/\/wandailleurs.org\/?page_id=455#breadcrumb"},"inLanguage":"fr-FR","potentialAction":[{"@type":"ReadAction","target":["https:\/\/wandailleurs.org\/?page_id=455"]}]},{"@type":"ImageObject","inLanguage":"fr-FR","@id":"https:\/\/wandailleurs.org\/?page_id=455#primaryimage","url":"https:\/\/wandailleurs.org\/wp-content\/uploads\/2025\/02\/429181_142533225869511_1759590703_n.jpg","contentUrl":"https:\/\/wandailleurs.org\/wp-content\/uploads\/2025\/02\/429181_142533225869511_1759590703_n.jpg","width":960,"height":720},{"@type":"BreadcrumbList","@id":"https:\/\/wandailleurs.org\/?page_id=455#breadcrumb","itemListElement":[{"@type":"ListItem","position":1,"name":"Accueil","item":"https:\/\/wandailleurs.org\/"},{"@type":"ListItem","position":2,"name":"Contacts"}]},{"@type":"WebSite","@id":"https:\/\/wandailleurs.org\/#website","url":"https:\/\/wandailleurs.org\/","name":"WANDA Transport \u00e0 la voile","description":"","publisher":{"@id":"https:\/\/wandailleurs.org\/#organization"},"potentialAction":[{"@type":"SearchAction","target":{"@type":"EntryPoint","urlTemplate":"https:\/\/wandailleurs.org\/?s={search_term_string}"},"query-input":{"@type":"PropertyValueSpecification","valueRequired":true,"valueName":"search_term_string"}}],"inLanguage":"fr-FR"},{"@type":"Organization","@id":"https:\/\/wandailleurs.org\/#organization","name":"WAND'Ailleurs","url":"https:\/\/wandailleurs.org\/","logo":{"@type":"ImageObject","inLanguage":"fr-FR","@id":"https:\/\/wandailleurs.org\/#\/schema\/logo\/image\/","url":"https:\/\/wandailleurs.org\/wp-content\/uploads\/2025\/02\/cropped-0_LogoWANDA_Bleu_Contraste.png","contentUrl":"https:\/\/wandailleurs.org\/wp-content\/uploads\/2025\/02\/cropped-0_LogoWANDA_Bleu_Contraste.png","width":512,"height":512,"caption":"WAND'Ailleurs"},"image":{"@id":"https:\/\/wandailleurs.org\/#\/schema\/logo\/image\/"}}]}},"_links":{"self":[{"href":"https:\/\/wandailleurs.org\/index.php?rest_route=\/wp\/v2\/pages\/455","targetHints":{"allow":["GET"]}}],"collection":[{"href":"https:\/\/wandailleurs.org\/index.php?rest_route=\/wp\/v2\/pages"}],"about":[{"href":"https:\/\/wandailleurs.org\/index.php?rest_route=\/wp\/v2\/types\/page"}],"author":[{"embeddable":true,"href":"https:\/\/wandailleurs.org\/index.php?rest_route=\/wp\/v2\/users\/2"}],"replies":[{"embeddable":true,"href":"https:\/\/wandailleurs.org\/index.php?rest_route=%2Fwp%2Fv2%2Fcomments&post=455"}],"version-history":[{"count":6,"href":"https:\/\/wandailleurs.org\/index.php?rest_route=\/wp\/v2\/pages\/455\/revisions"}],"predecessor-version":[{"id":1275,"href":"https:\/\/wandailleurs.org\/index.php?rest_route=\/wp\/v2\/pages\/455\/revisions\/1275"}],"wp:attachment":[{"href":"https:\/\/wandailleurs.org\/index.php?rest_route=%2Fwp%2Fv2%2Fmedia&parent=455"}],"curies":[{"name":"wp","href":"https:\/\/api.w.org\/{rel}","templated":true}]}}