{"id":1266,"date":"2026-03-22T12:13:14","date_gmt":"2026-03-22T11:13:14","guid":{"rendered":"https:\/\/wandailleurs.org\/?page_id=1266"},"modified":"2026-04-01T09:22:13","modified_gmt":"2026-04-01T08:22:13","slug":"mentions-legales-site-internet","status":"publish","type":"page","link":"https:\/\/wandailleurs.org\/?page_id=1266","title":{"rendered":"Mentions l\u00e9gales site internet"},"content":{"rendered":"\n<h2 class=\"wp-block-heading\">Mentions l\u00e9gales du site<\/h2>\n\n\n\n<p class=\"has-text-align-left\">En vigueur au 22\/03\/2026<\/p>\n\n\n\n<p class=\"has-text-align-left\"><br>Conform\u00e9ment aux dispositions de la loi n\u00b02004-575 du 21 juin 2004 pour la Confiance en l\u2019\u00e9conomie num\u00e9rique, il est port\u00e9 \u00e0 la connaissance des utilisateurs et visiteurs, ci-apr\u00e8s l&rsquo; \u00ab\u00a0Utilisateur\u00a0\u00bb, du site wandailleurs.org , ci-apr\u00e8s le \u00ab\u00a0Site\u00a0\u00bb, les pr\u00e9sentes mentions l\u00e9gales.<\/p>\n\n\n\n<p class=\"has-text-align-left\"><br>La connexion et la navigation sur le Site par l\u2019Utilisateur implique acceptation int\u00e9grale et sans r\u00e9serve des pr\u00e9sentes mentions l\u00e9gales.<\/p>\n\n\n\n<p class=\"has-text-align-left\"><br>Ces derni\u00e8res sont accessibles sur le Site \u00e0 la rubrique \u00ab\u00a0Mentions l\u00e9gales\u00a0\u00bb.<\/p>\n\n\n\n<h3 class=\"wp-block-heading has-text-align-left\"><br>EDITION DU SITE<br><\/h3>\n\n\n\n<p class=\"has-text-align-left\">L\u2019\u00e9dition et la direction de la publication du Site est assur\u00e9e par Monsieur L\u00e9o Goossens, domicili\u00e9 18 Chemin d&rsquo;Aigue-Vives 11120 Bize-Minervois, dont le num\u00e9ro de t\u00e9l\u00e9phone est 0782360673, et l&rsquo;adresse e-mail wandailleurs@gmail.com. ci-apr\u00e8s l'\u00a0\u00bbEditeur\u00a0\u00bb.<\/p>\n\n\n\n<h3 class=\"wp-block-heading has-text-align-left\"><br>HEBERGEUR<\/h3>\n\n\n\n<p class=\"has-text-align-left\"><br>L&rsquo;h\u00e9bergeur du Site est la soci\u00e9t\u00e9 OVH, dont le si\u00e8ge social est situ\u00e9 au XXXXXX .<\/p>\n\n\n\n<h3 class=\"wp-block-heading has-text-align-left\"><br>ACCES AU SITE<\/h3>\n\n\n\n<p class=\"has-text-align-left\"><br>Le Site est normalement accessible, \u00e0 tout moment, \u00e0 l&rsquo;Utilisateur. Toutefois, l&rsquo;Editeur pourra, \u00e0 tout moment, suspendre, limiter ou interrompre le Site afin de proc\u00e9der, notamment, \u00e0 des mises \u00e0 jour ou des modifications de son contenu. L&rsquo;Editeur ne pourra en aucun cas \u00eatre tenu responsable des cons\u00e9quences \u00e9ventuelles de cette indisponibilit\u00e9 sur les activit\u00e9s de l&rsquo;Utilisateur.<\/p>\n\n\n\n<h3 class=\"wp-block-heading has-text-align-left\"><br>COLLECTE DES DONNEES<\/h3>\n\n\n\n<p class=\"has-text-align-left\"><br>Le Site assure \u00e0 l&rsquo;Utilisateur une collecte et un traitement des donn\u00e9es personnelles dans le respect de la vie priv\u00e9e conform\u00e9ment \u00e0 la loi n\u00b078-17 du 6 janvier 1978 relative \u00e0 l&rsquo;informatique, aux fichiers aux libert\u00e9s et dans le respect de la r\u00e8glementation applicable en mati\u00e8re de traitement des donn\u00e9es<br>\u00e0 caract\u00e8re personnel conform\u00e9ment au r\u00e8glement (UE) 2016\/679 du Parlement europ\u00e9en et du Conseil du 27 avril 2016 (ci-apr\u00e8s, ensemble, la \u00ab\u00a0R\u00e8glementation applicable en mati\u00e8re de protection des Donn\u00e9es \u00e0 caract\u00e8re personnel\u00a0\u00bb).<\/p>\n\n\n\n<p class=\"has-text-align-left\"><br>En vertu de la R\u00e8glementation applicable en mati\u00e8re de protection des Donn\u00e9es \u00e0 caract\u00e8re personnel, l&rsquo;Utilisateur dispose d&rsquo;un droit d&rsquo;acc\u00e8s, de rectification, de suppression et d&rsquo;opposition de ses donn\u00e9es personnelles. L&rsquo;Utilisateur peut exercer ce droit :<br> &#8211; par mail \u00e0 l&rsquo;adresse email wandailleurs@gmail.com<br>&#8211; depuis le formulaire de contact ;<\/p>\n\n\n\n<p class=\"has-text-align-left\"><br>Toute utilisation, reproduction, diffusion, commercialisation, modification de toute ou partie du Site, sans autorisation expresse de l\u2019Editeur est prohib\u00e9e et pourra entra\u00eener des actions et poursuites judiciaires telles que pr\u00e9vues par la r\u00e8glementation en vigueur.<\/p>\n\n\n\n<p class=\"has-text-align-left\"><br>Pour plus d&rsquo;informations en mati\u00e8re de protection des donn\u00e9es \u00e0 caract\u00e8re personnel, se reporter \u00e0 la Charte en mati\u00e8re de protection des donn\u00e9es \u00e0 caract\u00e8re personnel du site wandailleurs.org accessible depuis la rubrique \u00ab\u00a0Donn\u00e9es personnelles\u00a0\u00bb. Pour plus d&rsquo;informations en mati\u00e8re de cookies, se reporter \u00e0 la Charte en mati\u00e8re de cookies du site wandailleurs.org accessible \u00e0 la rubrique \u00ab\u00a0Cookies\u00a0\u00bb<\/p>\n\n\n\n<p class=\"has-text-align-left\">R\u00e9dig\u00e9 sur http:\/\/legalplace.fr<\/p>\n\n\n\n<p><\/p>\n\n\n\n<p>Cookies (\u00e0 venir)<\/p>\n\n\n\n<p><a href=\"https:\/\/wandailleurs.org\/?page_id=1268\" type=\"page\" id=\"1268\">Donn\u00e9es personnelles<\/a><\/p>\n\n\n\n<p><\/p>\n","protected":false},"excerpt":{"rendered":"<p>Mentions l\u00e9gales du site En vigueur au 22\/03\/2026 Conform\u00e9ment aux dispositions de la loi n\u00b02004-575 du 21 juin 2004 pour la Confiance en l\u2019\u00e9conomie num\u00e9rique, il est port\u00e9 \u00e0 la connaissance des utilisateurs et visiteurs, ci-apr\u00e8s l&rsquo; \u00ab\u00a0Utilisateur\u00a0\u00bb, du site wandailleurs.org , ci-apr\u00e8s le \u00ab\u00a0Site\u00a0\u00bb, les pr\u00e9sentes mentions l\u00e9gales. La connexion et la navigation sur le Site par l\u2019Utilisateur implique acceptation int\u00e9grale et sans r\u00e9serve des pr\u00e9sentes mentions l\u00e9gales. Ces derni\u00e8res sont accessibles sur le Site \u00e0 la rubrique \u00ab\u00a0Mentions l\u00e9gales\u00a0\u00bb. EDITION DU SITE L\u2019\u00e9dition et la direction de la publication du Site est assur\u00e9e par Monsieur L\u00e9o Goossens, domicili\u00e9 18 Chemin d&rsquo;Aigue-Vives 11120 Bize-Minervois, dont le num\u00e9ro de t\u00e9l\u00e9phone est 0782360673, et l&rsquo;adresse e-mail wandailleurs@gmail.com. ci-apr\u00e8s l&rsquo;\u00a0\u00bbEditeur\u00a0\u00bb. HEBERGEUR L&rsquo;h\u00e9bergeur du Site est la soci\u00e9t\u00e9 OVH, dont le si\u00e8ge social est situ\u00e9 au XXXXXX . ACCES AU SITE Le Site est normalement accessible, \u00e0 tout moment, \u00e0 l&rsquo;Utilisateur. Toutefois, l&rsquo;Editeur pourra, \u00e0 tout moment, suspendre, limiter ou interrompre le Site afin de proc\u00e9der, notamment, \u00e0 des mises \u00e0 jour ou des modifications de son contenu. L&rsquo;Editeur ne pourra en aucun cas \u00eatre tenu responsable des cons\u00e9quences \u00e9ventuelles de cette indisponibilit\u00e9 sur les activit\u00e9s de l&rsquo;Utilisateur. COLLECTE DES DONNEES Le Site assure \u00e0 l&rsquo;Utilisateur une collecte et un traitement des donn\u00e9es personnelles dans le respect de la vie priv\u00e9e conform\u00e9ment \u00e0 la loi n\u00b078-17 du 6 janvier 1978 relative \u00e0 l&rsquo;informatique, aux fichiers aux libert\u00e9s et dans le respect de la r\u00e8glementation applicable en mati\u00e8re de traitement des donn\u00e9es\u00e0 caract\u00e8re personnel conform\u00e9ment au r\u00e8glement (UE) 2016\/679 du Parlement europ\u00e9en et du Conseil du 27 avril 2016 (ci-apr\u00e8s, ensemble, la \u00ab\u00a0R\u00e8glementation applicable en mati\u00e8re de protection des Donn\u00e9es \u00e0 caract\u00e8re personnel\u00a0\u00bb). En vertu de la R\u00e8glementation applicable en mati\u00e8re de protection des Donn\u00e9es \u00e0 caract\u00e8re personnel, l&rsquo;Utilisateur dispose d&rsquo;un droit d&rsquo;acc\u00e8s, de rectification, de suppression et d&rsquo;opposition de ses donn\u00e9es personnelles. L&rsquo;Utilisateur peut exercer ce droit : &#8211; par mail \u00e0 l&rsquo;adresse email wandailleurs@gmail.com&#8211; depuis le formulaire de contact ; Toute utilisation, reproduction, diffusion, commercialisation, modification de toute ou partie du Site, sans autorisation expresse de l\u2019Editeur est prohib\u00e9e et pourra entra\u00eener des actions et poursuites judiciaires telles que pr\u00e9vues par la r\u00e8glementation en vigueur. Pour plus d&rsquo;informations en mati\u00e8re de protection des donn\u00e9es \u00e0 caract\u00e8re personnel, se reporter \u00e0 la Charte en mati\u00e8re de protection des donn\u00e9es \u00e0 caract\u00e8re personnel du site wandailleurs.org accessible depuis la rubrique \u00ab\u00a0Donn\u00e9es personnelles\u00a0\u00bb. Pour plus d&rsquo;informations en mati\u00e8re de cookies, se reporter \u00e0 la Charte en mati\u00e8re de cookies du site wandailleurs.org accessible \u00e0 la rubrique \u00ab\u00a0Cookies\u00a0\u00bb R\u00e9dig\u00e9 sur http:\/\/legalplace.fr Cookies (\u00e0 venir) Donn\u00e9es personnelles<\/p>\n","protected":false},"author":2,"featured_media":0,"parent":0,"menu_order":0,"comment_status":"closed","ping_status":"closed","template":"","meta":{"_themeisle_gutenberg_block_has_review":false,"footnotes":""},"class_list":["post-1266","page","type-page","status-publish","hentry"],"yoast_head":"<!-- This site is optimized with the Yoast SEO plugin v27.5 - https:\/\/yoast.com\/product\/yoast-seo-wordpress\/ -->\n<title>Mentions l\u00e9gales site internet - WAND&#039;Ailleurs<\/title>\n<meta name=\"robots\" content=\"index, follow, max-snippet:-1, max-image-preview:large, max-video-preview:-1\" \/>\n<link rel=\"canonical\" href=\"https:\/\/wandailleurs.org\/?page_id=1266\" \/>\n<meta property=\"og:locale\" content=\"fr_FR\" \/>\n<meta property=\"og:type\" content=\"article\" \/>\n<meta property=\"og:title\" content=\"Mentions l\u00e9gales site internet - WAND&#039;Ailleurs\" \/>\n<meta property=\"og:description\" content=\"Mentions l\u00e9gales du site En vigueur au 22\/03\/2026 Conform\u00e9ment aux dispositions de la loi n\u00b02004-575 du 21 juin 2004 pour la Confiance en l\u2019\u00e9conomie num\u00e9rique, il est port\u00e9 \u00e0 la connaissance des utilisateurs et visiteurs, ci-apr\u00e8s l&rsquo; \u00ab\u00a0Utilisateur\u00a0\u00bb, du site wandailleurs.org , ci-apr\u00e8s le \u00ab\u00a0Site\u00a0\u00bb, les pr\u00e9sentes mentions l\u00e9gales. La connexion et la navigation sur le Site par l\u2019Utilisateur implique acceptation int\u00e9grale et sans r\u00e9serve des pr\u00e9sentes mentions l\u00e9gales. Ces derni\u00e8res sont accessibles sur le Site \u00e0 la rubrique \u00ab\u00a0Mentions l\u00e9gales\u00a0\u00bb. EDITION DU SITE L\u2019\u00e9dition et la direction de la publication du Site est assur\u00e9e par Monsieur L\u00e9o Goossens, domicili\u00e9 18 Chemin d&rsquo;Aigue-Vives 11120 Bize-Minervois, dont le num\u00e9ro de t\u00e9l\u00e9phone est 0782360673, et l&rsquo;adresse e-mail wandailleurs@gmail.com. ci-apr\u00e8s l&#039;\u00a0\u00bbEditeur\u00a0\u00bb. HEBERGEUR L&rsquo;h\u00e9bergeur du Site est la soci\u00e9t\u00e9 OVH, dont le si\u00e8ge social est situ\u00e9 au XXXXXX . ACCES AU SITE Le Site est normalement accessible, \u00e0 tout moment, \u00e0 l&rsquo;Utilisateur. Toutefois, l&rsquo;Editeur pourra, \u00e0 tout moment, suspendre, limiter ou interrompre le Site afin de proc\u00e9der, notamment, \u00e0 des mises \u00e0 jour ou des modifications de son contenu. L&rsquo;Editeur ne pourra en aucun cas \u00eatre tenu responsable des cons\u00e9quences \u00e9ventuelles de cette indisponibilit\u00e9 sur les activit\u00e9s de l&rsquo;Utilisateur. COLLECTE DES DONNEES Le Site assure \u00e0 l&rsquo;Utilisateur une collecte et un traitement des donn\u00e9es personnelles dans le respect de la vie priv\u00e9e conform\u00e9ment \u00e0 la loi n\u00b078-17 du 6 janvier 1978 relative \u00e0 l&rsquo;informatique, aux fichiers aux libert\u00e9s et dans le respect de la r\u00e8glementation applicable en mati\u00e8re de traitement des donn\u00e9es\u00e0 caract\u00e8re personnel conform\u00e9ment au r\u00e8glement (UE) 2016\/679 du Parlement europ\u00e9en et du Conseil du 27 avril 2016 (ci-apr\u00e8s, ensemble, la \u00ab\u00a0R\u00e8glementation applicable en mati\u00e8re de protection des Donn\u00e9es \u00e0 caract\u00e8re personnel\u00a0\u00bb). En vertu de la R\u00e8glementation applicable en mati\u00e8re de protection des Donn\u00e9es \u00e0 caract\u00e8re personnel, l&rsquo;Utilisateur dispose d&rsquo;un droit d&rsquo;acc\u00e8s, de rectification, de suppression et d&rsquo;opposition de ses donn\u00e9es personnelles. L&rsquo;Utilisateur peut exercer ce droit : &#8211; par mail \u00e0 l&rsquo;adresse email wandailleurs@gmail.com&#8211; depuis le formulaire de contact ; Toute utilisation, reproduction, diffusion, commercialisation, modification de toute ou partie du Site, sans autorisation expresse de l\u2019Editeur est prohib\u00e9e et pourra entra\u00eener des actions et poursuites judiciaires telles que pr\u00e9vues par la r\u00e8glementation en vigueur. Pour plus d&rsquo;informations en mati\u00e8re de protection des donn\u00e9es \u00e0 caract\u00e8re personnel, se reporter \u00e0 la Charte en mati\u00e8re de protection des donn\u00e9es \u00e0 caract\u00e8re personnel du site wandailleurs.org accessible depuis la rubrique \u00ab\u00a0Donn\u00e9es personnelles\u00a0\u00bb. Pour plus d&rsquo;informations en mati\u00e8re de cookies, se reporter \u00e0 la Charte en mati\u00e8re de cookies du site wandailleurs.org accessible \u00e0 la rubrique \u00ab\u00a0Cookies\u00a0\u00bb R\u00e9dig\u00e9 sur http:\/\/legalplace.fr Cookies (\u00e0 venir) Donn\u00e9es personnelles\" \/>\n<meta property=\"og:url\" content=\"https:\/\/wandailleurs.org\/?page_id=1266\" \/>\n<meta property=\"og:site_name\" content=\"WAND&#039;Ailleurs\" \/>\n<meta property=\"article:modified_time\" content=\"2026-04-01T08:22:13+00:00\" \/>\n<meta name=\"twitter:card\" content=\"summary_large_image\" \/>\n<meta name=\"twitter:label1\" content=\"Dur\u00e9e de lecture estim\u00e9e\" \/>\n\t<meta name=\"twitter:data1\" content=\"3 minutes\" \/>\n<script type=\"application\/ld+json\" class=\"yoast-schema-graph\">{\"@context\":\"https:\\\/\\\/schema.org\",\"@graph\":[{\"@type\":\"WebPage\",\"@id\":\"https:\\\/\\\/wandailleurs.org\\\/?page_id=1266\",\"url\":\"https:\\\/\\\/wandailleurs.org\\\/?page_id=1266\",\"name\":\"Mentions l\u00e9gales site internet - WAND&#039;Ailleurs\",\"isPartOf\":{\"@id\":\"https:\\\/\\\/wandailleurs.org\\\/#website\"},\"datePublished\":\"2026-03-22T11:13:14+00:00\",\"dateModified\":\"2026-04-01T08:22:13+00:00\",\"breadcrumb\":{\"@id\":\"https:\\\/\\\/wandailleurs.org\\\/?page_id=1266#breadcrumb\"},\"inLanguage\":\"fr-FR\",\"potentialAction\":[{\"@type\":\"ReadAction\",\"target\":[\"https:\\\/\\\/wandailleurs.org\\\/?page_id=1266\"]}]},{\"@type\":\"BreadcrumbList\",\"@id\":\"https:\\\/\\\/wandailleurs.org\\\/?page_id=1266#breadcrumb\",\"itemListElement\":[{\"@type\":\"ListItem\",\"position\":1,\"name\":\"Accueil\",\"item\":\"https:\\\/\\\/wandailleurs.org\\\/\"},{\"@type\":\"ListItem\",\"position\":2,\"name\":\"Mentions l\u00e9gales site internet\"}]},{\"@type\":\"WebSite\",\"@id\":\"https:\\\/\\\/wandailleurs.org\\\/#website\",\"url\":\"https:\\\/\\\/wandailleurs.org\\\/\",\"name\":\"WANDA Transport \u00e0 la voile\",\"description\":\"\",\"publisher\":{\"@id\":\"https:\\\/\\\/wandailleurs.org\\\/#organization\"},\"potentialAction\":[{\"@type\":\"SearchAction\",\"target\":{\"@type\":\"EntryPoint\",\"urlTemplate\":\"https:\\\/\\\/wandailleurs.org\\\/?s={search_term_string}\"},\"query-input\":{\"@type\":\"PropertyValueSpecification\",\"valueRequired\":true,\"valueName\":\"search_term_string\"}}],\"inLanguage\":\"fr-FR\"},{\"@type\":\"Organization\",\"@id\":\"https:\\\/\\\/wandailleurs.org\\\/#organization\",\"name\":\"WAND'Ailleurs\",\"url\":\"https:\\\/\\\/wandailleurs.org\\\/\",\"logo\":{\"@type\":\"ImageObject\",\"inLanguage\":\"fr-FR\",\"@id\":\"https:\\\/\\\/wandailleurs.org\\\/#\\\/schema\\\/logo\\\/image\\\/\",\"url\":\"https:\\\/\\\/wandailleurs.org\\\/wp-content\\\/uploads\\\/2025\\\/02\\\/cropped-0_LogoWANDA_Bleu_Contraste.png\",\"contentUrl\":\"https:\\\/\\\/wandailleurs.org\\\/wp-content\\\/uploads\\\/2025\\\/02\\\/cropped-0_LogoWANDA_Bleu_Contraste.png\",\"width\":512,\"height\":512,\"caption\":\"WAND'Ailleurs\"},\"image\":{\"@id\":\"https:\\\/\\\/wandailleurs.org\\\/#\\\/schema\\\/logo\\\/image\\\/\"}}]}<\/script>\n<!-- \/ Yoast SEO plugin. -->","yoast_head_json":{"title":"Mentions l\u00e9gales site internet - WAND&#039;Ailleurs","robots":{"index":"index","follow":"follow","max-snippet":"max-snippet:-1","max-image-preview":"max-image-preview:large","max-video-preview":"max-video-preview:-1"},"canonical":"https:\/\/wandailleurs.org\/?page_id=1266","og_locale":"fr_FR","og_type":"article","og_title":"Mentions l\u00e9gales site internet - WAND&#039;Ailleurs","og_description":"Mentions l\u00e9gales du site En vigueur au 22\/03\/2026 Conform\u00e9ment aux dispositions de la loi n\u00b02004-575 du 21 juin 2004 pour la Confiance en l\u2019\u00e9conomie num\u00e9rique, il est port\u00e9 \u00e0 la connaissance des utilisateurs et visiteurs, ci-apr\u00e8s l&rsquo; \u00ab\u00a0Utilisateur\u00a0\u00bb, du site wandailleurs.org , ci-apr\u00e8s le \u00ab\u00a0Site\u00a0\u00bb, les pr\u00e9sentes mentions l\u00e9gales. La connexion et la navigation sur le Site par l\u2019Utilisateur implique acceptation int\u00e9grale et sans r\u00e9serve des pr\u00e9sentes mentions l\u00e9gales. Ces derni\u00e8res sont accessibles sur le Site \u00e0 la rubrique \u00ab\u00a0Mentions l\u00e9gales\u00a0\u00bb. EDITION DU SITE L\u2019\u00e9dition et la direction de la publication du Site est assur\u00e9e par Monsieur L\u00e9o Goossens, domicili\u00e9 18 Chemin d&rsquo;Aigue-Vives 11120 Bize-Minervois, dont le num\u00e9ro de t\u00e9l\u00e9phone est 0782360673, et l&rsquo;adresse e-mail wandailleurs@gmail.com. ci-apr\u00e8s l'\u00a0\u00bbEditeur\u00a0\u00bb. HEBERGEUR L&rsquo;h\u00e9bergeur du Site est la soci\u00e9t\u00e9 OVH, dont le si\u00e8ge social est situ\u00e9 au XXXXXX . ACCES AU SITE Le Site est normalement accessible, \u00e0 tout moment, \u00e0 l&rsquo;Utilisateur. Toutefois, l&rsquo;Editeur pourra, \u00e0 tout moment, suspendre, limiter ou interrompre le Site afin de proc\u00e9der, notamment, \u00e0 des mises \u00e0 jour ou des modifications de son contenu. L&rsquo;Editeur ne pourra en aucun cas \u00eatre tenu responsable des cons\u00e9quences \u00e9ventuelles de cette indisponibilit\u00e9 sur les activit\u00e9s de l&rsquo;Utilisateur. COLLECTE DES DONNEES Le Site assure \u00e0 l&rsquo;Utilisateur une collecte et un traitement des donn\u00e9es personnelles dans le respect de la vie priv\u00e9e conform\u00e9ment \u00e0 la loi n\u00b078-17 du 6 janvier 1978 relative \u00e0 l&rsquo;informatique, aux fichiers aux libert\u00e9s et dans le respect de la r\u00e8glementation applicable en mati\u00e8re de traitement des donn\u00e9es\u00e0 caract\u00e8re personnel conform\u00e9ment au r\u00e8glement (UE) 2016\/679 du Parlement europ\u00e9en et du Conseil du 27 avril 2016 (ci-apr\u00e8s, ensemble, la \u00ab\u00a0R\u00e8glementation applicable en mati\u00e8re de protection des Donn\u00e9es \u00e0 caract\u00e8re personnel\u00a0\u00bb). En vertu de la R\u00e8glementation applicable en mati\u00e8re de protection des Donn\u00e9es \u00e0 caract\u00e8re personnel, l&rsquo;Utilisateur dispose d&rsquo;un droit d&rsquo;acc\u00e8s, de rectification, de suppression et d&rsquo;opposition de ses donn\u00e9es personnelles. L&rsquo;Utilisateur peut exercer ce droit : &#8211; par mail \u00e0 l&rsquo;adresse email wandailleurs@gmail.com&#8211; depuis le formulaire de contact ; Toute utilisation, reproduction, diffusion, commercialisation, modification de toute ou partie du Site, sans autorisation expresse de l\u2019Editeur est prohib\u00e9e et pourra entra\u00eener des actions et poursuites judiciaires telles que pr\u00e9vues par la r\u00e8glementation en vigueur. Pour plus d&rsquo;informations en mati\u00e8re de protection des donn\u00e9es \u00e0 caract\u00e8re personnel, se reporter \u00e0 la Charte en mati\u00e8re de protection des donn\u00e9es \u00e0 caract\u00e8re personnel du site wandailleurs.org accessible depuis la rubrique \u00ab\u00a0Donn\u00e9es personnelles\u00a0\u00bb. Pour plus d&rsquo;informations en mati\u00e8re de cookies, se reporter \u00e0 la Charte en mati\u00e8re de cookies du site wandailleurs.org accessible \u00e0 la rubrique \u00ab\u00a0Cookies\u00a0\u00bb R\u00e9dig\u00e9 sur http:\/\/legalplace.fr Cookies (\u00e0 venir) Donn\u00e9es personnelles","og_url":"https:\/\/wandailleurs.org\/?page_id=1266","og_site_name":"WAND&#039;Ailleurs","article_modified_time":"2026-04-01T08:22:13+00:00","twitter_card":"summary_large_image","twitter_misc":{"Dur\u00e9e de lecture estim\u00e9e":"3 minutes"},"schema":{"@context":"https:\/\/schema.org","@graph":[{"@type":"WebPage","@id":"https:\/\/wandailleurs.org\/?page_id=1266","url":"https:\/\/wandailleurs.org\/?page_id=1266","name":"Mentions l\u00e9gales site internet - WAND&#039;Ailleurs","isPartOf":{"@id":"https:\/\/wandailleurs.org\/#website"},"datePublished":"2026-03-22T11:13:14+00:00","dateModified":"2026-04-01T08:22:13+00:00","breadcrumb":{"@id":"https:\/\/wandailleurs.org\/?page_id=1266#breadcrumb"},"inLanguage":"fr-FR","potentialAction":[{"@type":"ReadAction","target":["https:\/\/wandailleurs.org\/?page_id=1266"]}]},{"@type":"BreadcrumbList","@id":"https:\/\/wandailleurs.org\/?page_id=1266#breadcrumb","itemListElement":[{"@type":"ListItem","position":1,"name":"Accueil","item":"https:\/\/wandailleurs.org\/"},{"@type":"ListItem","position":2,"name":"Mentions l\u00e9gales site internet"}]},{"@type":"WebSite","@id":"https:\/\/wandailleurs.org\/#website","url":"https:\/\/wandailleurs.org\/","name":"WANDA Transport \u00e0 la voile","description":"","publisher":{"@id":"https:\/\/wandailleurs.org\/#organization"},"potentialAction":[{"@type":"SearchAction","target":{"@type":"EntryPoint","urlTemplate":"https:\/\/wandailleurs.org\/?s={search_term_string}"},"query-input":{"@type":"PropertyValueSpecification","valueRequired":true,"valueName":"search_term_string"}}],"inLanguage":"fr-FR"},{"@type":"Organization","@id":"https:\/\/wandailleurs.org\/#organization","name":"WAND'Ailleurs","url":"https:\/\/wandailleurs.org\/","logo":{"@type":"ImageObject","inLanguage":"fr-FR","@id":"https:\/\/wandailleurs.org\/#\/schema\/logo\/image\/","url":"https:\/\/wandailleurs.org\/wp-content\/uploads\/2025\/02\/cropped-0_LogoWANDA_Bleu_Contraste.png","contentUrl":"https:\/\/wandailleurs.org\/wp-content\/uploads\/2025\/02\/cropped-0_LogoWANDA_Bleu_Contraste.png","width":512,"height":512,"caption":"WAND'Ailleurs"},"image":{"@id":"https:\/\/wandailleurs.org\/#\/schema\/logo\/image\/"}}]}},"_links":{"self":[{"href":"https:\/\/wandailleurs.org\/index.php?rest_route=\/wp\/v2\/pages\/1266","targetHints":{"allow":["GET"]}}],"collection":[{"href":"https:\/\/wandailleurs.org\/index.php?rest_route=\/wp\/v2\/pages"}],"about":[{"href":"https:\/\/wandailleurs.org\/index.php?rest_route=\/wp\/v2\/types\/page"}],"author":[{"embeddable":true,"href":"https:\/\/wandailleurs.org\/index.php?rest_route=\/wp\/v2\/users\/2"}],"replies":[{"embeddable":true,"href":"https:\/\/wandailleurs.org\/index.php?rest_route=%2Fwp%2Fv2%2Fcomments&post=1266"}],"version-history":[{"count":3,"href":"https:\/\/wandailleurs.org\/index.php?rest_route=\/wp\/v2\/pages\/1266\/revisions"}],"predecessor-version":[{"id":1336,"href":"https:\/\/wandailleurs.org\/index.php?rest_route=\/wp\/v2\/pages\/1266\/revisions\/1336"}],"wp:attachment":[{"href":"https:\/\/wandailleurs.org\/index.php?rest_route=%2Fwp%2Fv2%2Fmedia&parent=1266"}],"curies":[{"name":"wp","href":"https:\/\/api.w.org\/{rel}","templated":true}]}}